{"id":2531,"date":"2022-04-28T11:46:43","date_gmt":"2022-04-28T10:46:43","guid":{"rendered":"https:\/\/www.kostuumverhuurgroningen.nl\/gelegenheid\/?post_type=product&#038;p=2531"},"modified":"2022-04-28T12:44:26","modified_gmt":"2022-04-28T11:44:26","slug":"jacquet-kopie","status":"publish","type":"product","link":"https:\/\/www.kostuumverhuurgroningen.nl\/gelegenheid\/product\/jacquet-kopie\/","title":{"rendered":"Jacquet"},"content":{"rendered":"<h3><strong>Morning dress<\/strong><\/h3>\n<p>In tegenstelling tot de smoking en het rokkostuum wordt het jacquet overdag gedragen tot aan het diner of tot zonsondergang. Voor het diner dient de man zich om te kleden in een van voornoemde kostuums, al naar gelang de gelegenheid.<\/p>\n<p>De naam is afgeleid van Jacques. In de Middeleeuwen was dat de benaming voor boer (gewoon Jan dus). Later in de 16<sup>e<\/sup> eeuw werd het kostuum gedragen door lakeien, ook Jacques genoemd door hun broodheren. Daarmee is een jacquet van oorsprong een lakeienjas. In Engeland daarentegen wordt de term morning coat gebruikt. Vroeger kleedden de Engelse adel zich op deze wijze om een ritje op hun paard te maken.<\/p>\n<p>Het jacquet wordt het meeste gedragen tijdens bruiloften en offici\u00eble bezoeken. De jas is zwart en de lange panden lopen afgerond weg naar achteren, de voorkant wordt met \u00e9\u00e9n knoop gesloten. Het vest is grijs voor bruiloften en zwart voor begrafenissen en andere gelegenheden. Dit geldt eveneens voor de hoed. Het hemd is niet gesteven en heeft een blinde sluiting en een liggende boord. De broek is zwart\/grijs gestreept. Normaal gesproken wordt er een grijze das bij gedragen, maar de bruid wenst zich wel eens een kleurtje. Alle heren op het feest dragen dan een das in die kleur.\u00a0Er worden zwarte gladde veterschoenen bij gedragen.<\/p>\n<p>De grijze of zwarte hoed en de handschoenen, een onafscheidelijk stel, worden niet altijd gebruikt maar indien dat wel het geval is dan wordt de hoed alleen buiten gedragen en de handschoenen alleen in de hand gehouden.<\/p>\n<h3><strong>Dresscode informatie dames<\/strong><\/h3>\n<p>Lange japon of mantelpak (eventueel met hoed).<\/p>\n<p><span style=\"color: #000000;\"><a style=\"color: #000000;\" href=\"https:\/\/www.kostuumverhuurgroningen.nl\/gelegenheid\/wp-content\/uploads\/sites\/2\/2016\/08\/Gelegenheid-Maat.pdf\" target=\"_blank\" rel=\"noopener noreferrer\">Instructie voor opnemen lichaamsmaten<\/a><\/span><\/p>\n<p><img decoding=\"async\" loading=\"lazy\" class=\"wp-image-117 aligncenter\" style=\"border-style: none;\" src=\"https:\/\/www.kostuumverhuurgroningen.nl\/gelegenheid\/wp-content\/uploads\/sites\/2\/2016\/06\/wilvorst-logo.png\" alt=\"wilvorst-logo\" width=\"252\" height=\"88\" \/><\/p>\n","protected":false},"excerpt":{"rendered":"<p><strong>Morning dress<\/strong><\/p>\n<ul>\n<li>Een zwarte of grijze jas met afgeronde voorpanden die naar achteren toe lang uitlopen<\/li>\n<li>Traditioneel hoort er een zwart\/grijs gestreepte of effen grijze broek bij<\/li>\n<li>Grijze das<\/li>\n<li>Een grijs of zwart vest (afhankelijk van de gelegenheid, respectievelijk trouwerij of begrafenis) (optioneel)<\/li>\n<li>Het\u00a0witte overhemd heeft een liggende kraag (optioneel)<\/li>\n<li>Er worden zwarte gladde veterschoenen bij gedragen (optioneel)<\/li>\n<li>Hoge hoed en handschoenen \u00a0(optioneel)<\/li>\n<\/ul>\n","protected":false},"featured_media":518,"comment_status":"open","ping_status":"closed","template":"","meta":[],"product_cat":[68],"product_tag":[112],"bundled_by":[],"bundled_items":[{"bundled_item_id":70,"product_id":839,"menu_order":0,"quantity_min":1,"quantity_max":1,"priced_individually":false,"shipped_individually":false,"override_title":false,"title":"","override_description":true,"description":"","optional":false,"hide_thumbnail":true,"discount":"","override_variations":false,"allowed_variations":[],"override_default_variation_attributes":false,"default_variation_attributes":[],"single_product_visibility":"visible","cart_visibility":"visible","order_visibility":"visible","single_product_price_visibility":"visible","cart_price_visibility":"visible","order_price_visibility":"visible","stock_status":"in_stock"},{"bundled_item_id":71,"product_id":861,"menu_order":1,"quantity_min":1,"quantity_max":1,"priced_individually":false,"shipped_individually":false,"override_title":false,"title":"","override_description":true,"description":"","optional":false,"hide_thumbnail":true,"discount":"","override_variations":false,"allowed_variations":[],"override_default_variation_attributes":false,"default_variation_attributes":[],"single_product_visibility":"visible","cart_visibility":"visible","order_visibility":"visible","single_product_price_visibility":"visible","cart_price_visibility":"visible","order_price_visibility":"visible","stock_status":"in_stock"},{"bundled_item_id":72,"product_id":1625,"menu_order":2,"quantity_min":1,"quantity_max":1,"priced_individually":false,"shipped_individually":false,"override_title":false,"title":"","override_description":true,"description":"Omdat u mogelijk niet een gepaste das thuis heeft liggen sturen wij er altijd een te leen mee, gratis. Ook als u niet kiest voor het huren van een overhemd &amp; vest.","optional":false,"hide_thumbnail":true,"discount":"","override_variations":false,"allowed_variations":[],"override_default_variation_attributes":false,"default_variation_attributes":[],"single_product_visibility":"visible","cart_visibility":"visible","order_visibility":"visible","single_product_price_visibility":"visible","cart_price_visibility":"visible","order_price_visibility":"visible","stock_status":"in_stock"},{"bundled_item_id":73,"product_id":886,"menu_order":3,"quantity_min":1,"quantity_max":1,"priced_individually":false,"shipped_individually":false,"override_title":false,"title":"","override_description":true,"description":"","optional":false,"hide_thumbnail":true,"discount":"","override_variations":false,"allowed_variations":[],"override_default_variation_attributes":false,"default_variation_attributes":[],"single_product_visibility":"visible","cart_visibility":"visible","order_visibility":"visible","single_product_price_visibility":"visible","cart_price_visibility":"visible","order_price_visibility":"visible","stock_status":"in_stock"},{"bundled_item_id":74,"product_id":1638,"menu_order":4,"quantity_min":1,"quantity_max":1,"priced_individually":true,"shipped_individually":false,"override_title":false,"title":"","override_description":false,"description":"","optional":true,"hide_thumbnail":true,"discount":"","override_variations":false,"allowed_variations":[],"override_default_variation_attributes":false,"default_variation_attributes":[],"single_product_visibility":"visible","cart_visibility":"visible","order_visibility":"visible","single_product_price_visibility":"visible","cart_price_visibility":"visible","order_price_visibility":"visible","stock_status":"in_stock"},{"bundled_item_id":75,"product_id":1091,"menu_order":5,"quantity_min":1,"quantity_max":1,"priced_individually":true,"shipped_individually":false,"override_title":false,"title":"","override_description":false,"description":"","optional":true,"hide_thumbnail":true,"discount":"","override_variations":false,"allowed_variations":[],"override_default_variation_attributes":false,"default_variation_attributes":[],"single_product_visibility":"visible","cart_visibility":"visible","order_visibility":"visible","single_product_price_visibility":"visible","cart_price_visibility":"visible","order_price_visibility":"visible","stock_status":"in_stock"},{"bundled_item_id":76,"product_id":1631,"menu_order":6,"quantity_min":1,"quantity_max":1,"priced_individually":true,"shipped_individually":false,"override_title":false,"title":"","override_description":true,"description":"Hier kan bijvoorbeeld aangegeven worden dat er niet altijd voor de hoed en de handschoenen gekozen wordt, maar dat het natuurlijk wel kan.","optional":true,"hide_thumbnail":true,"discount":"","override_variations":false,"allowed_variations":[],"override_default_variation_attributes":false,"default_variation_attributes":[],"single_product_visibility":"visible","cart_visibility":"visible","order_visibility":"visible","single_product_price_visibility":"visible","cart_price_visibility":"visible","order_price_visibility":"visible","stock_status":"in_stock"}],"yoast_head":"<!-- This site is optimized with the Yoast SEO plugin v20.1 - https:\/\/yoast.com\/wordpress\/plugins\/seo\/ -->\n<title>Jacquet huren<\/title>\n<meta name=\"description\" content=\"Jacquet huren bij Kostuumverhuur Groningen\" \/>\n<meta name=\"robots\" content=\"index, follow, max-snippet:-1, max-image-preview:large, max-video-preview:-1\" \/>\n<link rel=\"canonical\" href=\"https:\/\/www.kostuumverhuurgroningen.nl\/gelegenheid\/product\/jacquet-kopie\/\" \/>\n<meta property=\"og:locale\" content=\"nl_NL\" \/>\n<meta property=\"og:type\" content=\"article\" \/>\n<meta property=\"og:title\" content=\"Jacquet huren\" \/>\n<meta property=\"og:description\" content=\"Jacquet huren bij Kostuumverhuur Groningen\" \/>\n<meta property=\"og:url\" content=\"https:\/\/www.kostuumverhuurgroningen.nl\/gelegenheid\/product\/jacquet-kopie\/\" \/>\n<meta property=\"og:site_name\" content=\"Kostuumverhuur Groningen\" \/>\n<meta property=\"article:modified_time\" content=\"2022-04-28T11:44:26+00:00\" \/>\n<meta property=\"og:image\" content=\"https:\/\/www.kostuumverhuurgroningen.nl\/gelegenheid\/wp-content\/uploads\/sites\/2\/2016\/08\/Jacquet-new.jpg\" \/>\n\t<meta property=\"og:image:width\" content=\"676\" \/>\n\t<meta property=\"og:image:height\" content=\"1024\" \/>\n\t<meta property=\"og:image:type\" content=\"image\/jpeg\" \/>\n<meta name=\"twitter:card\" content=\"summary_large_image\" \/>\n<meta name=\"twitter:label1\" content=\"Geschatte leestijd\" \/>\n\t<meta name=\"twitter:data1\" content=\"1 minuut\" \/>\n<script type=\"application\/ld+json\" class=\"yoast-schema-graph\">{\"@context\":\"https:\/\/schema.org\",\"@graph\":[{\"@type\":\"WebPage\",\"@id\":\"https:\/\/www.kostuumverhuurgroningen.nl\/gelegenheid\/product\/jacquet-kopie\/\",\"url\":\"https:\/\/www.kostuumverhuurgroningen.nl\/gelegenheid\/product\/jacquet-kopie\/\",\"name\":\"Jacquet huren\",\"isPartOf\":{\"@id\":\"https:\/\/www.kostuumverhuurgroningen.nl\/gelegenheid\/#website\"},\"datePublished\":\"2022-04-28T10:46:43+00:00\",\"dateModified\":\"2022-04-28T11:44:26+00:00\",\"description\":\"Jacquet huren bij Kostuumverhuur Groningen\",\"breadcrumb\":{\"@id\":\"https:\/\/www.kostuumverhuurgroningen.nl\/gelegenheid\/product\/jacquet-kopie\/#breadcrumb\"},\"inLanguage\":\"nl\",\"potentialAction\":[{\"@type\":\"ReadAction\",\"target\":[\"https:\/\/www.kostuumverhuurgroningen.nl\/gelegenheid\/product\/jacquet-kopie\/\"]}]},{\"@type\":\"BreadcrumbList\",\"@id\":\"https:\/\/www.kostuumverhuurgroningen.nl\/gelegenheid\/product\/jacquet-kopie\/#breadcrumb\",\"itemListElement\":[{\"@type\":\"ListItem\",\"position\":1,\"name\":\"Home\",\"item\":\"https:\/\/www.kostuumverhuurgroningen.nl\/gelegenheid\/\"},{\"@type\":\"ListItem\",\"position\":2,\"name\":\"Jacquet\"}]},{\"@type\":\"WebSite\",\"@id\":\"https:\/\/www.kostuumverhuurgroningen.nl\/gelegenheid\/#website\",\"url\":\"https:\/\/www.kostuumverhuurgroningen.nl\/gelegenheid\/\",\"name\":\"Kostuumverhuur Groningen\",\"description\":\"Duizenden manieren om even iemand anders te zijn\",\"potentialAction\":[{\"@type\":\"SearchAction\",\"target\":{\"@type\":\"EntryPoint\",\"urlTemplate\":\"https:\/\/www.kostuumverhuurgroningen.nl\/gelegenheid\/?s={search_term_string}\"},\"query-input\":\"required name=search_term_string\"}],\"inLanguage\":\"nl\"}]}<\/script>\n<!-- \/ Yoast SEO plugin. -->","yoast_head_json":{"title":"Jacquet huren","description":"Jacquet huren bij Kostuumverhuur Groningen","robots":{"index":"index","follow":"follow","max-snippet":"max-snippet:-1","max-image-preview":"max-image-preview:large","max-video-preview":"max-video-preview:-1"},"canonical":"https:\/\/www.kostuumverhuurgroningen.nl\/gelegenheid\/product\/jacquet-kopie\/","og_locale":"nl_NL","og_type":"article","og_title":"Jacquet huren","og_description":"Jacquet huren bij Kostuumverhuur Groningen","og_url":"https:\/\/www.kostuumverhuurgroningen.nl\/gelegenheid\/product\/jacquet-kopie\/","og_site_name":"Kostuumverhuur Groningen","article_modified_time":"2022-04-28T11:44:26+00:00","og_image":[{"width":676,"height":1024,"url":"https:\/\/www.kostuumverhuurgroningen.nl\/gelegenheid\/wp-content\/uploads\/sites\/2\/2016\/08\/Jacquet-new.jpg","type":"image\/jpeg"}],"twitter_card":"summary_large_image","twitter_misc":{"Geschatte leestijd":"1 minuut"},"schema":{"@context":"https:\/\/schema.org","@graph":[{"@type":"WebPage","@id":"https:\/\/www.kostuumverhuurgroningen.nl\/gelegenheid\/product\/jacquet-kopie\/","url":"https:\/\/www.kostuumverhuurgroningen.nl\/gelegenheid\/product\/jacquet-kopie\/","name":"Jacquet huren","isPartOf":{"@id":"https:\/\/www.kostuumverhuurgroningen.nl\/gelegenheid\/#website"},"datePublished":"2022-04-28T10:46:43+00:00","dateModified":"2022-04-28T11:44:26+00:00","description":"Jacquet huren bij Kostuumverhuur Groningen","breadcrumb":{"@id":"https:\/\/www.kostuumverhuurgroningen.nl\/gelegenheid\/product\/jacquet-kopie\/#breadcrumb"},"inLanguage":"nl","potentialAction":[{"@type":"ReadAction","target":["https:\/\/www.kostuumverhuurgroningen.nl\/gelegenheid\/product\/jacquet-kopie\/"]}]},{"@type":"BreadcrumbList","@id":"https:\/\/www.kostuumverhuurgroningen.nl\/gelegenheid\/product\/jacquet-kopie\/#breadcrumb","itemListElement":[{"@type":"ListItem","position":1,"name":"Home","item":"https:\/\/www.kostuumverhuurgroningen.nl\/gelegenheid\/"},{"@type":"ListItem","position":2,"name":"Jacquet"}]},{"@type":"WebSite","@id":"https:\/\/www.kostuumverhuurgroningen.nl\/gelegenheid\/#website","url":"https:\/\/www.kostuumverhuurgroningen.nl\/gelegenheid\/","name":"Kostuumverhuur Groningen","description":"Duizenden manieren om even iemand anders te zijn","potentialAction":[{"@type":"SearchAction","target":{"@type":"EntryPoint","urlTemplate":"https:\/\/www.kostuumverhuurgroningen.nl\/gelegenheid\/?s={search_term_string}"},"query-input":"required name=search_term_string"}],"inLanguage":"nl"}]}},"_links":{"self":[{"href":"https:\/\/www.kostuumverhuurgroningen.nl\/gelegenheid\/wp-json\/wp\/v2\/product\/2531"}],"collection":[{"href":"https:\/\/www.kostuumverhuurgroningen.nl\/gelegenheid\/wp-json\/wp\/v2\/product"}],"about":[{"href":"https:\/\/www.kostuumverhuurgroningen.nl\/gelegenheid\/wp-json\/wp\/v2\/types\/product"}],"replies":[{"embeddable":true,"href":"https:\/\/www.kostuumverhuurgroningen.nl\/gelegenheid\/wp-json\/wp\/v2\/comments?post=2531"}],"wp:featuredmedia":[{"embeddable":true,"href":"https:\/\/www.kostuumverhuurgroningen.nl\/gelegenheid\/wp-json\/wp\/v2\/media\/518"}],"wp:attachment":[{"href":"https:\/\/www.kostuumverhuurgroningen.nl\/gelegenheid\/wp-json\/wp\/v2\/media?parent=2531"}],"wp:term":[{"taxonomy":"product_cat","embeddable":true,"href":"https:\/\/www.kostuumverhuurgroningen.nl\/gelegenheid\/wp-json\/wp\/v2\/product_cat?post=2531"},{"taxonomy":"product_tag","embeddable":true,"href":"https:\/\/www.kostuumverhuurgroningen.nl\/gelegenheid\/wp-json\/wp\/v2\/product_tag?post=2531"}],"curies":[{"name":"wp","href":"https:\/\/api.w.org\/{rel}","templated":true}]}}